{"id":62,"date":"2005-04-16T01:58:02","date_gmt":"2005-04-16T00:58:02","guid":{"rendered":"http:\/\/www.islaplanesia.com\/blog\/?page_id=62"},"modified":"2020-04-12T17:13:04","modified_gmt":"2020-04-12T15:13:04","slug":"about","status":"publish","type":"page","link":"http:\/\/www.islaplanesia.com\/blog\/index.php\/about\/","title":{"rendered":"El Preso"},"content":{"rendered":"<p>El Preso nace en Tabarka en un a\u00f1o indefinido. Pudo haber sido en el siglo XVIII o hace unos d\u00edas. No est\u00e1 muy claro si es en Islandia o en Tabarka.<\/p>\n<p><a href=\"http:\/\/es.wikipedia.org\/wiki\/Carlos_III_de_Espa%C3%B1a\">El Rey \u00abCarlangas\u00bb<\/a> le monta en un barco y le manda junto con otros Tabarke\u00f1os a la Isla Planesia, una isla muy rara, rodeada de otras islas m\u00e1s raras a\u00fan. Todas juntas forman el condado de la Emetreinta, donde dirige las cosas el famoso conde Gallardo.<\/p>\n<p>La historia tiene algo de real: en el 1770, Carlos III decide redimir a unos presos italianos que estaban en la isla de Tabarka, a 300 metros de la costa de Argelia. Les env\u00eda a esta isla pelada, para repoblarla. A\u00fan hoy muchos de los apellidos de los habitantes de la isla son italianos. Las condiciones en las que vivieron esas familias fueron muy duras, sin agua potable, sometidos a todo tipo de perrer\u00edas, invasiones, con una superficie des\u00e9rtica que apenas se eleva a 10 metros del nivel del mar (en 1980 un maremoto destroz\u00f3 por completo la isla).<\/p>\n<p>En el archipielago de la emetreinta hay muchas cosas que contar, muchos planesianos, despiojadores de \u00f1us, arg\u00fcesanos, salmaserranos&#8230; que describir. La vida aqu\u00ed es rara y todos los planesianos van de isla en isla en botes de remos por t\u00faneles subterr\u00e1neos.<\/p>\n<p>Si quieres saber m\u00e1s del preso, te recomiendo que preguntes si no entiendes algo. Y si el blog te parece una chorrada, ya somos dos, pero yo al menos me divierto. Si tu no&#8230;  qu\u00e9 le vamos a hacer. Y si te gusta, un comentario de vez en cuando viene bien.<\/p>\n<p><center><img decoding=\"async\" src=\"http:\/\/islaplanesia.com\/blog\/wp-content\/elpreso.jpg\" alt=\"Aqu\u00ed, preparando una foto para el blog\"\/> <\/center><\/p>\n<p>\u00bfQui\u00e9n soy? pues un vallisoletano que hace quince a\u00f1os me traslad\u00e9 a Madrid para poder trabajar en lo que m\u00e1s me gusta. Empec\u00e9 este blog al poco de llegar, para contar todo lo que ve\u00eda de esta ciudad que como dice Sabina, <em>es invivible, pero insustituible<\/em>.<\/p>\n","protected":false},"excerpt":{"rendered":"<p>El Preso nace en Tabarka en un a\u00f1o indefinido. Pudo haber sido en el siglo XVIII o hace unos d\u00edas. No est\u00e1 muy claro si es en Islandia o en Tabarka. El Rey \u00abCarlangas\u00bb le monta en un barco y le&#8230;<\/p>\n<div class=\"more-link-wrapper\"><a class=\"more-link\" href=\"http:\/\/www.islaplanesia.com\/blog\/index.php\/about\/\">Leer la entrada<span class=\"screen-reader-text\">El Preso<\/span><\/a><\/div>\n","protected":false},"author":1,"featured_media":0,"parent":0,"menu_order":0,"comment_status":"closed","ping_status":"closed","template":"","meta":{"_monsterinsights_skip_tracking":false,"_monsterinsights_sitenote_active":false,"_monsterinsights_sitenote_note":"","_monsterinsights_sitenote_category":0,"footnotes":""},"class_list":["post-62","page","type-page","status-publish","hentry","excerpt","zoom","even","excerpt-0"],"_links":{"self":[{"href":"http:\/\/www.islaplanesia.com\/blog\/index.php\/wp-json\/wp\/v2\/pages\/62","targetHints":{"allow":["GET"]}}],"collection":[{"href":"http:\/\/www.islaplanesia.com\/blog\/index.php\/wp-json\/wp\/v2\/pages"}],"about":[{"href":"http:\/\/www.islaplanesia.com\/blog\/index.php\/wp-json\/wp\/v2\/types\/page"}],"author":[{"embeddable":true,"href":"http:\/\/www.islaplanesia.com\/blog\/index.php\/wp-json\/wp\/v2\/users\/1"}],"replies":[{"embeddable":true,"href":"http:\/\/www.islaplanesia.com\/blog\/index.php\/wp-json\/wp\/v2\/comments?post=62"}],"version-history":[{"count":2,"href":"http:\/\/www.islaplanesia.com\/blog\/index.php\/wp-json\/wp\/v2\/pages\/62\/revisions"}],"predecessor-version":[{"id":966,"href":"http:\/\/www.islaplanesia.com\/blog\/index.php\/wp-json\/wp\/v2\/pages\/62\/revisions\/966"}],"wp:attachment":[{"href":"http:\/\/www.islaplanesia.com\/blog\/index.php\/wp-json\/wp\/v2\/media?parent=62"}],"curies":[{"name":"wp","href":"https:\/\/api.w.org\/{rel}","templated":true}]}}